{"id":11941,"date":"2023-01-19T15:37:54","date_gmt":"2023-01-19T14:37:54","guid":{"rendered":"http:\/\/www.tunatecabalfego.com\/politica-de-turismo-sostenible\/"},"modified":"2023-01-19T16:21:49","modified_gmt":"2023-01-19T15:21:49","slug":"politica-de-turisme-responsable","status":"publish","type":"page","link":"https:\/\/www.tunatecabalfego.com\/ca\/politica-de-turisme-responsable\/","title":{"rendered":"Pol\u00edtica de Turisme Responsable"},"content":{"rendered":"<p>Conscients de la import\u00e0ncia de mantenir un desenvolupament tur\u00edstic sostenible, i assumits els principis i objectius adoptats espec\u00edficament a la <strong>Cimera Mundial sobre el Desenvolupament Sostenible 2015, la COP 21 i la Carta Mundial del Turisme Sostenible + 20<\/strong>, l&#8217;Espai Gastron\u00f2mic Tunateca Balfeg\u00f3 es compromet a dur a terme una gesti\u00f3 sostenible de les seves activitats, mitjan\u00e7ant l&#8217;adopci\u00f3 de compromisos orientats a prevenir, eliminar o reduir l&#8217;impacte de les nostres instal\u00b7lacions i activitats, tant internes com externes, aix\u00ed com optimitzar la sostenibilitat de l&#8217;establiment millorant-ne el comportament amb l&#8217;entorn.<\/p>\n<p>En aquest mateix sentit, <strong>la nostra entitat ha adoptat la seg\u00fcent Pol\u00edtica de Turisme Responsable, mitjan\u00e7ant la qual es compromet a complir els requisits establerts a l&#8217;adhesi\u00f3 BIOSPHERE<\/strong>, que inclou, entre altres coses, els requeriments legals que regulen els efectes generats per l&#8217;activitat tur\u00edstica.<\/p>\n<p>Aix\u00ed mateix, ens comprometem a <strong>motivar i formar el nostre personal<\/strong> amb accions formatives i de conscienciaci\u00f3 sobre els principis del Turisme Responsable, a promoure les bones pr\u00e0ctiques mediambientals a l&#8217;entorn i participar en activitats externes, ia informar tant internament com externament sobre els aven\u00e7os i actuacions mediambientals de lempresa.<\/p>\n<p>De la mateixa manera, <strong>el nostre establiment manifesta el comprom\u00eds expr\u00e9s de lluita contra l&#8217;explotaci\u00f3 sexual o qualsevol altra forma d&#8217;explotaci\u00f3 i assetjament comercial<\/strong>, en particular dels infants, els adolescents, les dones i les minories; i ens comprometem a adoptar mesures daccessibilitat universal.<\/p>\n<p>Un dels nostres principals objectius \u00e9s <strong>perfeccionar la gesti\u00f3 sostenible<\/strong>, assumint els compromisos de millora cont\u00ednua en tots els \u00e0mbits de la sostenibilitat: social, econ\u00f2mic i ambiental, aix\u00ed com en la satisfacci\u00f3 del client. Per aix\u00f2, se sotmetran els projectes de futures ampliacions de les instal\u00b7lacions o activitats a criteris de sostenibilitat i efici\u00e8ncia en l\u00fas de recursos.<\/p>\n<p>Aquesta Pol\u00edtica de Turisme Responsable <strong>s&#8217;actualitzar\u00e0 sempre que les circumst\u00e0ncies ho requereixin<\/strong>, adoptant i publicant en ambd\u00f3s casos nous objectius de sostenibilitat.<\/p>\n<p>&nbsp;<\/p>\n<p><img loading=\"lazy\" decoding=\"async\" class=\"alignnone wp-image-11954 size-full\" src=\"http:\/\/www.tunatecabalfego.com\/app\/uploads\/2023\/01\/signed.png\" alt=\"\" width=\"395\" height=\"200\" srcset=\"https:\/\/www.tunatecabalfego.com\/app\/uploads\/2023\/01\/signed.png 395w, https:\/\/www.tunatecabalfego.com\/app\/uploads\/2023\/01\/signed-300x152.png 300w\" sizes=\"auto, (max-width: 395px) 100vw, 395px\" \/><\/p>\n","protected":false},"excerpt":{"rendered":"<p>Conscients de la import\u00e0ncia de mantenir un desenvolupament tur\u00edstic sostenible, i assumits els principis i objectius adoptats espec\u00edficament a la Cimera Mundial sobre el Desenvolupament Sostenible 2015, la COP 21 i la Carta Mundial del Turisme Sostenible + 20, l&#8217;Espai Gastron\u00f2mic Tunateca Balfeg\u00f3 es compromet a dur a terme una gesti\u00f3 sostenible de les seves &hellip; <a href=\"https:\/\/www.tunatecabalfego.com\/ca\/politica-de-turisme-responsable\/\">Continued<\/a><\/p>\n","protected":false},"author":1,"featured_media":0,"parent":0,"menu_order":0,"comment_status":"closed","ping_status":"closed","template":"views\/template-text.blade.php","meta":{"_acf_changed":false,"footnotes":""},"class_list":["post-11941","page","type-page","status-publish","hentry"],"acf":[],"_links":{"self":[{"href":"https:\/\/www.tunatecabalfego.com\/ca\/wp-json\/wp\/v2\/pages\/11941","targetHints":{"allow":["GET"]}}],"collection":[{"href":"https:\/\/www.tunatecabalfego.com\/ca\/wp-json\/wp\/v2\/pages"}],"about":[{"href":"https:\/\/www.tunatecabalfego.com\/ca\/wp-json\/wp\/v2\/types\/page"}],"author":[{"embeddable":true,"href":"https:\/\/www.tunatecabalfego.com\/ca\/wp-json\/wp\/v2\/users\/1"}],"replies":[{"embeddable":true,"href":"https:\/\/www.tunatecabalfego.com\/ca\/wp-json\/wp\/v2\/comments?post=11941"}],"version-history":[{"count":3,"href":"https:\/\/www.tunatecabalfego.com\/ca\/wp-json\/wp\/v2\/pages\/11941\/revisions"}],"predecessor-version":[{"id":11960,"href":"https:\/\/www.tunatecabalfego.com\/ca\/wp-json\/wp\/v2\/pages\/11941\/revisions\/11960"}],"wp:attachment":[{"href":"https:\/\/www.tunatecabalfego.com\/ca\/wp-json\/wp\/v2\/media?parent=11941"}],"curies":[{"name":"wp","href":"https:\/\/api.w.org\/{rel}","templated":true}]}}