{"id":1684,"date":"2019-09-02T12:19:50","date_gmt":"2019-09-02T10:19:50","guid":{"rendered":"http:\/\/www.tunatecabalfego.com\/?page_id=1684"},"modified":"2026-04-10T11:17:43","modified_gmt":"2026-04-10T09:17:43","slug":"regala-tunateca","status":"publish","type":"page","link":"https:\/\/www.tunatecabalfego.com\/ca\/regala-tunateca\/","title":{"rendered":"Regala una experi\u00e8ncia Tunateca"},"content":{"rendered":"<p style=\"margin-bottom: 0;\">\u00bfT&#8217;agradaria regalar una <span style=\"color: #e7b303;\">experi\u00e8ncia Tunateca?\u00a0<\/span><\/p>\n<p style=\"margin-bottom: 0;\">T&#8217;oferim la possibilitat d&#8217;una experi\u00e8ncia \u00fanica on emprendre un viatge gastron\u00f2mic per les diferents parts de la tonyina roja Balfeg\u00f3.<\/p>\n","protected":false},"excerpt":{"rendered":"<p>\u00bfT&#8217;agradaria regalar una experi\u00e8ncia Tunateca?\u00a0 T&#8217;oferim la possibilitat d&#8217;una experi\u00e8ncia \u00fanica on emprendre un viatge gastron\u00f2mic per les diferents parts de la tonyina roja Balfeg\u00f3.<\/p>\n","protected":false},"author":1,"featured_media":2495,"parent":0,"menu_order":0,"comment_status":"closed","ping_status":"closed","template":"views\/template-gift.blade.php","meta":{"_acf_changed":false,"footnotes":""},"class_list":["post-1684","page","type-page","status-publish","has-post-thumbnail","hentry"],"acf":[],"_links":{"self":[{"href":"https:\/\/www.tunatecabalfego.com\/ca\/wp-json\/wp\/v2\/pages\/1684","targetHints":{"allow":["GET"]}}],"collection":[{"href":"https:\/\/www.tunatecabalfego.com\/ca\/wp-json\/wp\/v2\/pages"}],"about":[{"href":"https:\/\/www.tunatecabalfego.com\/ca\/wp-json\/wp\/v2\/types\/page"}],"author":[{"embeddable":true,"href":"https:\/\/www.tunatecabalfego.com\/ca\/wp-json\/wp\/v2\/users\/1"}],"replies":[{"embeddable":true,"href":"https:\/\/www.tunatecabalfego.com\/ca\/wp-json\/wp\/v2\/comments?post=1684"}],"version-history":[{"count":98,"href":"https:\/\/www.tunatecabalfego.com\/ca\/wp-json\/wp\/v2\/pages\/1684\/revisions"}],"predecessor-version":[{"id":22897,"href":"https:\/\/www.tunatecabalfego.com\/ca\/wp-json\/wp\/v2\/pages\/1684\/revisions\/22897"}],"wp:featuredmedia":[{"embeddable":true,"href":"https:\/\/www.tunatecabalfego.com\/ca\/wp-json\/wp\/v2\/media\/2495"}],"wp:attachment":[{"href":"https:\/\/www.tunatecabalfego.com\/ca\/wp-json\/wp\/v2\/media?parent=1684"}],"curies":[{"name":"wp","href":"https:\/\/api.w.org\/{rel}","templated":true}]}}