{"id":2070,"date":"2019-09-04T16:48:44","date_gmt":"2019-09-04T14:48:44","guid":{"rendered":"http:\/\/www.tunatecabalfego.com\/?page_id=2070"},"modified":"2019-09-05T17:35:28","modified_gmt":"2019-09-05T15:35:28","slug":"politica-de-cookies","status":"publish","type":"page","link":"https:\/\/www.tunatecabalfego.com\/ca\/politica-de-cookies\/","title":{"rendered":"Pol\u00edtica de Cookies"},"content":{"rendered":"<h3><strong>INFORMACI\u00d3 SOBRE <\/strong><em><strong>COOKIES<\/strong><\/em><\/h3>\n<p>A causa de l&#8217;entrada en vigor de la referent modificaci\u00f3 de la &#8220;Llei de Serveis de la Societat de la Informaci\u00f3&#8221; (LSSICE) establerta pel Reial Decret 13\/2012, \u00e9s d&#8217;obligaci\u00f3 obtenir el consentiment expr\u00e9s de l&#8217;Usuari de totes les p\u00e0gines web que utilitzen <em>cookies <\/em>prescindibles,\u00a0abans que aquest navegui per elles.<\/p>\n<p>&nbsp;<\/p>\n<h3><strong>QU\u00c8 S\u00d3N LES <\/strong><em><strong>COOKIES<\/strong><\/em><strong>?<\/strong><\/h3>\n<p>Les <em>cookies <\/em>i altres tecnologies similars tals com a<em> local shared objects, flash cookies<\/em> o p\u00edxels, s\u00f3n eines emprades pels servidors web per emmagatzemar i recuperar informaci\u00f3 sobre els seus visitants, aix\u00ed com per oferir un correcte funcionament del lloc.<\/p>\n<p>Mitjan\u00e7ant l&#8217;\u00fas d&#8217;aquests dispositius es permet al servidor web recordar algunes dades concernents a l&#8217;usuari, com les seves prefer\u00e8ncies per a la visualitzaci\u00f3 de les p\u00e0gines d&#8217;aquest servidor, nom i contrasenya, productes que m\u00e9s li interessen, etc.<\/p>\n<p>&nbsp;<\/p>\n<h3><strong><em>COOKIES <\/em><\/strong><strong>AFECTADES PER LA NORMATIVA I <\/strong><em><strong>COOKIES <\/strong><\/em><strong>EXEMPTES<\/strong><\/h3>\n<p>Segons la directiva de la UE, les <em>cookies <\/em>que requereixen el consentiment informat per part de l&#8217;usuari s\u00f3n les <em>cookies <\/em>d&#8217;anal\u00edtica i les de publicitat i afiliaci\u00f3, quedant exceptuades les de car\u00e0cter t\u00e8cnic i les necess\u00e0ries per al funcionament del lloc web o la prestaci\u00f3 de serveis expressament demanats per l&#8217;usuari.<\/p>\n<p>&nbsp;<\/p>\n<h3><strong>QUIN TIPUS DE <\/strong><em><strong>COOKIES <\/strong><\/em><strong>HI HAN?<\/strong><\/h3>\n<p style=\"text-align: left;\">Sobre els tipus de galetes, hi ha cinc grans grups:<\/p>\n<p style=\"text-align: left;\"><em>Cookies <\/em>anal\u00edtiques: recullen informaci\u00f3 de l&#8217;\u00fas que es realitza del lloc web.<\/p>\n<p style=\"text-align: left;\"><em>Cookies <\/em>socials: s\u00f3n aquelles necess\u00e0ries per a xarxes socials externes.<\/p>\n<p style=\"text-align: left;\"><em>Cookies <\/em>d&#8217;afiliats: permeten fer un seguiment de les visites procedents d&#8217;altres webs, amb les que el lloc web estableix un contracte d\u2018afiliaci\u00f3 (empreses d&#8217;afiliaci\u00f3).<\/p>\n<p style=\"text-align: left;\"><em>Cookies <\/em>de publicitat i comportament: recullen informaci\u00f3 sobre les prefer\u00e8ncies i eleccions personals de l&#8217;Usuari (<em>retargeting<\/em>).<\/p>\n<p style=\"text-align: left;\"><em>Cookies <\/em>t\u00e8cniques i funcionals: s\u00f3n les estrictament necess\u00e0ries per a l&#8217;\u00fas del lloc web i per a la prestaci\u00f3 del servei contractat.<\/p>\n<p>&nbsp;<\/p>\n<h3><strong><em>COOKIES <\/em><\/strong><strong>QUE UTILITZEM EN EL NOSTRE ESPAI WEB<\/strong><\/h3>\n<p style=\"text-align: left;\"><strong>PHPSESSID<\/strong>: cookie t\u00e8cnica i estrictament necess\u00e0ria que cont\u00e9 l&#8217;identificador de la sessi\u00f3. S&#8217;elimina en tancar el navegador.<\/p>\n<p style=\"text-align: left;\"><strong>_lang<\/strong>: cookie t\u00e8cnica i estrictament necess\u00e0ria que cont\u00e9 l&#8217;idioma de la sessi\u00f3. S&#8217;elimina en tancar el navegador.<\/p>\n<p style=\"text-align: left;\"><strong>ac_cookies<\/strong>: cookie t\u00e8cnica i estrictament necess\u00e0ria que cont\u00e9 el valor de si s&#8217;ha acceptat la instal\u00b7laci\u00f3 de cookies. Caduca en 1 any des de l&#8217;\u00faltima actualitzaci\u00f3.<\/p>\n<p style=\"text-align: left;\"><strong>_ga<\/strong>: cookie de Google Analytics Universal que habilita la funci\u00f3 de control de visites \u00faniques. La primera vegada que un usuari entri al lloc web a trav\u00e9s d&#8217;un navegador s&#8217;instal\u00b7lar\u00e0 aquesta galeta. Quan aquest usuari torni a entrar a la web amb el mateix navegador, la galeta considerar\u00e0 que \u00e9s el mateix usuari. Nom\u00e9s en el cas que l&#8217;usuari canvi\u00ef de navegador, es considerar\u00e0 un altre usuari. Caduca als 2 anys des de l&#8217;\u00faltima actualitzaci\u00f3.<\/p>\n<p style=\"text-align: left;\"><strong>_gat<\/strong>: Aquesta cookie s&#8217;associa amb Google Analytics. S&#8217;utilitza per limitar la velocitat de petici\u00f3 &#8211; la limitaci\u00f3 de la recollida de dades en els llocs d&#8217;alt tr\u00e0nsit. Caduca als 10 minuts.<\/p>\n<p style=\"text-align: left;\"><strong>_gid:<\/strong>\u00a0Aquesta cookie s&#8217;associa amb Google Analytics. S&#8217;utilitza per distingir els\u00a0usuaris. Caduca a les 24 hores.<\/p>\n<p style=\"text-align: left;\"><strong>viewed_cookie_policy<\/strong>:\u00a0serveix per a saber si l&#8217;usuari\u00a0ja se li ha mostrat el text\u00a0de pol\u00edtiques de\u00a0<em>cookies<\/em>\u00a0de la web. Caduca a l&#8217;any.<\/p>\n<p>&nbsp;<\/p>\n<h3><strong>REVOCACI\u00d3 DEL CONSENTIMENT PER INSTAL\u00b7LAR COOKIES<\/strong><\/h3>\n<h4>COM ELIMINAR LES COOKIES DEL NAVEGADOR<\/h4>\n<h4 style=\"text-align: left;\"><strong>Chrome<\/strong><\/h4>\n<p style=\"text-align: left;\">1. Seleccioneu la icona d&#8217;Eines<br \/>\n2. Feu clic a Configuraci\u00f3.<br \/>\n3. Fes clic a Mostra Opcions Avan\u00e7ades.<br \/>\n4. A la secci\u00f3 &#8220;Privadesa&#8221; feu clic a Configuraci\u00f3 de contingut.<br \/>\n\u2022 Suprimeix les galetes: Fes clic a Totes les galetes i dades del lloc &#8230;<br \/>\n\u2022 No permetre que s&#8217;emmagatzemin cookies.<br \/>\n5. Fes clic a Elimina les dades de navegaci\u00f3 (buidar la Mem\u00f2ria cau).<br \/>\n6. Tanca i reinicia el navegador.<\/p>\n<p style=\"text-align: left;\">Per a m\u00e9s informaci\u00f3 sobre Chrome premi <a href=\"http:\/\/support.google.com\/chrome\/answer\/95647?hl=es\" target=\"_blank\" rel=\"noopener\">aqu\u00ed<\/a><\/p>\n<p>&nbsp;<\/p>\n<h4 style=\"text-align: left;\"><strong>Internet Explorer. Versi\u00f3 11<\/strong><\/h4>\n<p style=\"text-align: left;\">1. Selecciona Eines | Opcions d&#8217;Internet.<br \/>\n2. Fes clic a la pestanya General.<br \/>\n3. A la secci\u00f3 &#8220;Historial de navegaci\u00f3&#8221;, feu clic a Suprimeix l&#8217;historial d&#8217;exploraci\u00f3 al sortir.<br \/>\n4. Seleccionar Eliminar arxius.<br \/>\n5. Seleccionar Suprimeix les galetes.<br \/>\n6. Feu clic a Suprimeix.<br \/>\n7. Fes clic a D&#8217;acord.<br \/>\n8. Tanca i reinicia el navegador.<\/p>\n<p style=\"text-align: left;\">Per a m\u00e9s informaci\u00f3 sobre Internet Explorer premi <a href=\"http:\/\/windows.microsoft.com\/es-419\/windows7\/how-to-manage-cookies-in-internet-explorer-9\" target=\"_blank\" rel=\"noopener\">aqu\u00ed<\/a><\/p>\n<p>&nbsp;<\/p>\n<h4 style=\"text-align: left;\"><strong>Firefox. Versi\u00f3 18<\/strong><\/h4>\n<p style=\"text-align: left;\">1. Selecciona Firefox | Historial | Neteja l&#8217;historial recent.<br \/>\n2. Al costat de &#8220;Detalls&#8221;, fes clic a la fletxa cap avall.<br \/>\n3. Selecciona les seg\u00fcents caselles de verificaci\u00f3: galetes, Mem\u00f2ria cau, Inicis de sessi\u00f3 actius<br \/>\n4. Usant el &#8220;Per\u00edode de temps per esborrar&#8221; al men\u00fa desplegable, selecciona Tot.<br \/>\n5. Feu clic a Neteja ara.<br \/>\n6. Tanca i reinicia el navegador.<\/p>\n<p style=\"text-align: left;\">Pot acceptar o rebutjar les galetes individualment en les Prefer\u00e8ncies de Firefox, a la secci\u00f3 Historial disponible a Eines&gt; Opcions&gt; Privadesa.<\/p>\n<p style=\"text-align: left;\">Per a m\u00e9s informaci\u00f3 sobre Mozilla Firefox premi <a href=\"https:\/\/www.mozilla.org\/es-ES\/privacy\/websites\/#cookies\" target=\"_blank\" rel=\"noopener\">aqu\u00ed<\/a><\/p>\n<p>&nbsp;<\/p>\n<h4 style=\"text-align: left;\"><strong>Safari Versi\u00f3 5.1<\/strong><\/h4>\n<p style=\"text-align: left;\">1. Seleccioneu la icona de Safari \/ Edita | Restaura Safari.<br \/>\n2. Selecciona les seg\u00fcents caselles de verificaci\u00f3: Esborrar l&#8217;historial, Eliminar totes les dades de lloc web<br \/>\n3. Fes clic a Restablir.<br \/>\n4. Tanca i reinicia el navegador.<\/p>\n<p style=\"text-align: left;\">Per a m\u00e9s informaci\u00f3 sobre Safari premi <a href=\"https:\/\/support.apple.com\/es-es\/guide\/safari\/sfri11471\/mac\" target=\"_blank\" rel=\"noopener\">aqu\u00ed<\/a><\/p>\n<p>&nbsp;<\/p>\n<h4 style=\"text-align: left;\"><strong>Opera<\/strong><\/h4>\n<p style=\"text-align: left;\">Opcions &#8211; Avan\u00e7at &#8211; Galetes.<br \/>\nLes opcions de cookies controlen la manera en qu\u00e8 Opera els gestiona i per tant la seva acceptaci\u00f3 o rebuig.<\/p>\n<p style=\"text-align: left;\">Per a m\u00e9s informaci\u00f3 sobre \u00d2pera premi <a href=\"https:\/\/help.opera.com\/en\/latest\/security-and-privacy\/#clearBrowsingData\" target=\"_blank\" rel=\"noopener\">aqu\u00ed<\/a><\/p>\n<p>&nbsp;<\/p>\n<h4 style=\"text-align: left;\"><strong>Altres navegadors<\/strong><\/h4>\n<p style=\"text-align: left;\">Consulteu la documentaci\u00f3 del navegador que tingui instal\u00b7lat.<\/p>\n","protected":false},"excerpt":{"rendered":"<p>INFORMACI\u00d3 SOBRE COOKIES A causa de l&#8217;entrada en vigor de la referent modificaci\u00f3 de la &#8220;Llei de Serveis de la Societat de la Informaci\u00f3&#8221; (LSSICE) establerta pel Reial Decret 13\/2012, \u00e9s d&#8217;obligaci\u00f3 obtenir el consentiment expr\u00e9s de l&#8217;Usuari de totes les p\u00e0gines web que utilitzen cookies prescindibles,\u00a0abans que aquest navegui per elles. &nbsp; QU\u00c8 S\u00d3N &hellip; <a href=\"https:\/\/www.tunatecabalfego.com\/ca\/politica-de-cookies\/\">Continued<\/a><\/p>\n","protected":false},"author":1,"featured_media":0,"parent":0,"menu_order":0,"comment_status":"closed","ping_status":"closed","template":"views\/template-text.blade.php","meta":{"_acf_changed":false,"footnotes":""},"class_list":["post-2070","page","type-page","status-publish","hentry"],"acf":[],"_links":{"self":[{"href":"https:\/\/www.tunatecabalfego.com\/ca\/wp-json\/wp\/v2\/pages\/2070","targetHints":{"allow":["GET"]}}],"collection":[{"href":"https:\/\/www.tunatecabalfego.com\/ca\/wp-json\/wp\/v2\/pages"}],"about":[{"href":"https:\/\/www.tunatecabalfego.com\/ca\/wp-json\/wp\/v2\/types\/page"}],"author":[{"embeddable":true,"href":"https:\/\/www.tunatecabalfego.com\/ca\/wp-json\/wp\/v2\/users\/1"}],"replies":[{"embeddable":true,"href":"https:\/\/www.tunatecabalfego.com\/ca\/wp-json\/wp\/v2\/comments?post=2070"}],"version-history":[{"count":3,"href":"https:\/\/www.tunatecabalfego.com\/ca\/wp-json\/wp\/v2\/pages\/2070\/revisions"}],"predecessor-version":[{"id":2128,"href":"https:\/\/www.tunatecabalfego.com\/ca\/wp-json\/wp\/v2\/pages\/2070\/revisions\/2128"}],"wp:attachment":[{"href":"https:\/\/www.tunatecabalfego.com\/ca\/wp-json\/wp\/v2\/media?parent=2070"}],"curies":[{"name":"wp","href":"https:\/\/api.w.org\/{rel}","templated":true}]}}