{"id":21756,"date":"2025-02-12T09:12:21","date_gmt":"2025-02-12T08:12:21","guid":{"rendered":"https:\/\/www.tunatecabalfego.com\/eventos-workshop\/"},"modified":"2025-02-17T11:46:06","modified_gmt":"2025-02-17T10:46:06","slug":"eventos-workshop","status":"publish","type":"page","link":"https:\/\/www.tunatecabalfego.com\/ca\/eventos-workshop\/","title":{"rendered":"Eventos workshop"},"content":{"rendered":"<h1><strong>Taller de sushi + men\u00fa japon\u00e8s<\/strong> a Tunateca Balfeg\u00f3<\/h1>\n<h6>Gaudeix a Tunateca Balfeg\u00f3 d&#8217;un <strong>taller de sushi amb la millor tonyina roja del m\u00f3n.<\/strong><\/h6>\n<h6>Apr\u00e8n de la <strong>cultura i gastronomia nipona<\/strong> amb el taller de sushi m\u00e9s complet de Barcelona.<\/h6>\n<h6>Fes el teu propi <strong>sashimi, nigiris, makis i uramakis<\/strong> y endus-te un <strong>kit professional<\/strong> per seguir fent sushi a casa. Per acabar, gaudir\u00e0s d&#8217;una <strong>cata de sake i d&#8217;un men\u00fa degustaci\u00f3 japon\u00e8s<\/strong>.<\/h6>\n","protected":false},"excerpt":{"rendered":"<p>Taller de sushi + men\u00fa japon\u00e8s a Tunateca Balfeg\u00f3 Gaudeix a Tunateca Balfeg\u00f3 d&#8217;un taller de sushi amb la millor tonyina roja del m\u00f3n. Apr\u00e8n de la cultura i gastronomia nipona amb el taller de sushi m\u00e9s complet de Barcelona. Fes el teu propi sashimi, nigiris, makis i uramakis y endus-te un kit professional per &hellip; <a href=\"https:\/\/www.tunatecabalfego.com\/ca\/eventos-workshop\/\">Continued<\/a><\/p>\n","protected":false},"author":1,"featured_media":0,"parent":0,"menu_order":0,"comment_status":"closed","ping_status":"closed","template":"views\/template-workshops.blade.php","meta":{"_acf_changed":false,"footnotes":""},"class_list":["post-21756","page","type-page","status-publish","hentry"],"acf":[],"_links":{"self":[{"href":"https:\/\/www.tunatecabalfego.com\/ca\/wp-json\/wp\/v2\/pages\/21756","targetHints":{"allow":["GET"]}}],"collection":[{"href":"https:\/\/www.tunatecabalfego.com\/ca\/wp-json\/wp\/v2\/pages"}],"about":[{"href":"https:\/\/www.tunatecabalfego.com\/ca\/wp-json\/wp\/v2\/types\/page"}],"author":[{"embeddable":true,"href":"https:\/\/www.tunatecabalfego.com\/ca\/wp-json\/wp\/v2\/users\/1"}],"replies":[{"embeddable":true,"href":"https:\/\/www.tunatecabalfego.com\/ca\/wp-json\/wp\/v2\/comments?post=21756"}],"version-history":[{"count":7,"href":"https:\/\/www.tunatecabalfego.com\/ca\/wp-json\/wp\/v2\/pages\/21756\/revisions"}],"predecessor-version":[{"id":21796,"href":"https:\/\/www.tunatecabalfego.com\/ca\/wp-json\/wp\/v2\/pages\/21756\/revisions\/21796"}],"wp:attachment":[{"href":"https:\/\/www.tunatecabalfego.com\/ca\/wp-json\/wp\/v2\/media?parent=21756"}],"curies":[{"name":"wp","href":"https:\/\/api.w.org\/{rel}","templated":true}]}}