{"id":833,"date":"2018-12-28T08:53:44","date_gmt":"2018-12-28T08:53:44","guid":{"rendered":"https:\/\/www.tunatecabalfego.com\/?page_id=833"},"modified":"2025-11-20T11:46:13","modified_gmt":"2025-11-20T10:46:13","slug":"condicions-contractacio","status":"publish","type":"page","link":"https:\/\/www.tunatecabalfego.com\/ca\/condicions-contractacio\/","title":{"rendered":"Condicions de contractaci\u00f3"},"content":{"rendered":"<p><strong>1. Sobre TUNATECA<\/strong><br \/>\n<strong>2. Com fer una reserva?<\/strong><br \/>\n<strong>3. Com regalar una experi\u00e8ncia Tunateca (Regala Tunateca)?<\/strong><br \/>\n<strong>4. El Kaitai<\/strong><br \/>\n<strong>5. Requisits i conducta de l&#8217;usuari<\/strong><br \/>\n<strong>6. Dades de car\u00e0cter personal<\/strong><br \/>\n<strong>7. Condicions del xec de regal (Regala Tunateca) (Regala Tunateca)<\/strong><br \/>\n<strong>8. Pagament<\/strong><br \/>\n<strong>9. Dret de desistiment i cancel\u00b7lacions<\/strong><br \/>\n<strong>10. Modificacions<\/strong><br \/>\n<strong>11. Propietat intelectual i industrial<\/strong><br \/>\n<strong>12. Limitaci\u00f3 de responsabilitat<\/strong><br \/>\n<strong>13. Normativa aplicable i jurisdicci\u00f3<\/strong><\/p>\n<p>&nbsp;<\/p>\n<p>En aquest document, l&#8217;usuari trobar\u00e0 tota la informaci\u00f3 necess\u00e0ria sobre els serveis de comer\u00e7 electr\u00f2nic que oferim al nostre lloc web:\u00a0 <a href=\"http:\/\/www.tunatecabalfego.com\" target=\"_blank\" rel=\"noopener noreferrer\">www.tunatecabalfego.com<\/a>. Us convidem a llegir-ho tot amb deteniment i a consultar-ho sempre que vulgueu.<\/p>\n<p>&nbsp;<\/p>\n<h3>1. Sobre TUNATECA<\/h3>\n<p>&nbsp;<\/p>\n<p>Aquest web \u00e9s titularitat de TUNATECA, SL (en endavant, TUNATECA). Les dades identificatives de TUNATECA s\u00f3n:<\/p>\n<ul>\n<li>CIF: B-55721930<\/li>\n<li>Adre\u00e7a: Pol\u00edgon industrial Edifici Balfeg\u00f3 s\/n &#8211; 43860, L&#8217;Ametlla de Mar (Tarragona).<\/li>\n<li>Inscrita en el Registre Mercantil de Barcelona al tom 3059, foli 60 i full T-52499.<\/li>\n<li>Adre\u00e7a electr\u00f2nica: <a href=\"mailto:info@tunatecabalfego.com\">info@tunatecabalfego.com<\/a><\/li>\n<li>Tel\u00e8fon: 937 976 460<\/li>\n<\/ul>\n<p>TUNATECA posa a disposici\u00f3 dels seus usuaris un web que facilita l&#8217;acc\u00e9s als seus serveis gastron\u00f2mics, reserves, informaci\u00f3 sobre la carta i Regala Tunateca.<\/p>\n<p>&nbsp;<\/p>\n<h3>2. Com fer una reserva?<\/h3>\n<p>&nbsp;<\/p>\n<p>Per fer una reserva cal que feu clic a l&#8217;apartat Reserva. Els passos seg\u00fcents seran indicar el nombre de persones, triar una data i hora, introduir la informaci\u00f3 personal i fer clic a Reserva.<\/p>\n<p>En fer una reserva, pot ser que EL TENEDOR, empresa col\u00b7laboradora de TUNATECA, accedeixi a les vostres dades per fer aquestes gestions (enviament de correus electr\u00f2nics i missatges de text).<\/p>\n<p>&nbsp;<\/p>\n<h3>3. Com regalar una experi\u00e8ncia Tunateca (Regala Tunateca)?<\/h3>\n<p>&nbsp;<\/p>\n<p>Per regalar una experi\u00e8ncia Tunateca, cal que feu clic a Regala. Els passos seg\u00fcents seran escollir el men\u00fa, el nombre de comensals, indicar si teniu cap restricci\u00f3 aliment\u00e0ria, completar el formulari amb la informaci\u00f3 personal i fer clic al bot\u00f3 Finalitza la compra. Finalment, heu de completar les dades de la targeta de pagament i fer clic a Paga. Rebreu un correu electr\u00f2nic amb el xec regal.<\/p>\n<p>&nbsp;<\/p>\n<h3>4. El Kaitai<\/h3>\n<p>&nbsp;<\/p>\n<p>En aquest apartat l&#8217;usuari podr\u00e0 reservar i pagar l&#8217;esdeveniment Kaitai per a una data concreta.<\/p>\n<p>La disponibilitat d&#8217;aquest esdeveniment es publica a trav\u00e9s del web de TUNATECA i tamb\u00e9 a trav\u00e9s del butllet\u00ed de not\u00edcies.<\/p>\n<p>&nbsp;<\/p>\n<h3>5. Requisits i conducta de l&#8217;usuari<\/h3>\n<p>&nbsp;<\/p>\n<p>Per utilitzar la major part dels serveis, heu d&#8217;ingressar a l&#8217;apartat de Regala o El Kaitai. Les reserves de Regala Tunateca i El Kaitai nom\u00e9s les poden fer persones majors d&#8217;edat. Per aix\u00f2, si sou menors de 16\u00a0anys, no podreu contractar cap servei a trav\u00e9s d&#8217;aquests apartats al web, llevat que compteu amb el consentiment per escrit dels vostres pares, mares o tutors.<\/p>\n<p>L&#8217;usuari es compromet a facilitar la informaci\u00f3 a TUNATECA de forma exacta, completa i actualitzada. Si no faciliteu la informaci\u00f3 de forma exacta, completa i actualitzada, o si teniu un m\u00e8tode de pagament no v\u00e0lid o que hagi caducat, pot ser que se us privi d&#8217;accedir i utilitzar els serveis o que TUNATECA resolgui aquest contracte que accepteu.<\/p>\n<p>&nbsp;<\/p>\n<h3>6. Dades de car\u00e0cter personal<\/h3>\n<p>&nbsp;<\/p>\n<p>Ambdues parts es comprometen a mantenir una confidencialitat total respecte a les dades personals de la part contr\u00e0ria a la qual heu tingut acc\u00e9s en el compliment d&#8217;aquestes condicions, a subministrar-les \u00fanicament a persones autoritzades i a observar les disposicions legals contingudes en la normativa que sigui aplicable.En particular, es comprometen a no utilitzar les dades personals obtingudes de l&#8217;altra part per a una altra finalitat que no sigui la continguda en l&#8217;objecte de les condicions.<\/p>\n<p>La informaci\u00f3 relativa al tractament que fem des de TUNATECA de les dades personals que es puguin generar durant la present relaci\u00f3 es troba a l&#8217;apartat <a href=\"https:\/\/www.tunatecabalfego.com\/ca\/politica-de-privacitat\/\" target=\"_blank\" rel=\"noopener noreferrer\"><u>Pol\u00edtica de privacitat<\/u><\/a>.<\/p>\n<p>&nbsp;<\/p>\n<h3>7. Condicions del xec de regal (Regala Tunateca)<\/h3>\n<p>&nbsp;<\/p>\n<ul>\n<li>El xec regal t\u00e9 una validesa de 6\u00a0mesos des de la data de la compra.<\/li>\n<li>El xec regal no \u00e9s reemborsable i tampoc no es pot bescanviar pel seu valor monetari.<\/li>\n<li>El xec regal no es pot bescanviar per una altra experi\u00e8ncia que no sigui la que es va adquirir.<\/li>\n<li>Les dates de reserva estan subjectes a disponibilitat, de manera que, un cop rebut el xec regal, haureu de posar-vos en contacte amb TUNATECA per fer la reserva de l&#8217;experi\u00e8ncia escollida (tel\u00e8fon: 937 976 460 o adre\u00e7a electr\u00f2nica: <a href=\"mailto:info@tunatecabalfego.com\">info@tunatecabalfego.com<\/a>).<\/li>\n<li>El men\u00fa dels xecs regal est\u00e0 subjecte a possibles variacions per estacionalitat dels productes o possibles canvis de carta.<\/li>\n<li>Si feu una reserva i no podeu assistir-hi, haureu de cancel\u00b7lar la reserva 48\u00a0hores abans de la data i hora reservades. En cas contrari, es donar\u00e0 per consumit el xec regal i no podreu fer cap nova reserva.<\/li>\n<\/ul>\n<p>&nbsp;<\/p>\n<h3>8. Pagament<\/h3>\n<p>&nbsp;<\/p>\n<p>El pagament dels serveis oferts per TUNATECA es fa en l\u00ednia, amb targeta de cr\u00e8dit o d\u00e8bit a trav\u00e9s de la passarel\u00b7la de pagament de Banc Sabadell.<\/p>\n<p>El preu inclou l&#8217;IVA vigent.<\/p>\n<p>TUNATECA es reserva el dret a comprovar la validesa de la targeta de cr\u00e8dit. Si el nostre sistema rebutja la targeta de cr\u00e8dit proporcionada, es cancel\u00b7lar\u00e0 autom\u00e0ticament.<\/p>\n<p>&nbsp;<\/p>\n<h3 style=\"font-family: Roboto, serif; color: #212529;\">9. Dret de desistiment i cancel\u00b7lacions<\/h3>\n<p>&nbsp;<\/p>\n<p>De conformitat amb el que disposa la Llei General per a la Defensa dels Consumidors i Usuaris per a la prestaci\u00f3 de serveis, el client disposa de catorze (14) dies des de la data d&#8217;acceptaci\u00f3 de l&#8217;oferta de serveis per exercir el dret de desistiment sense haver d&#8217;indicar-ne el motiu i sense inc\u00f3rrer en cap cost.<\/p>\n<p>El dret de desistiment no \u00e9s aplicable quan:<\/p>\n<ul>\n<li>Hagi comen\u00e7at l&#8217;execuci\u00f3 de la prestaci\u00f3 de serveis, amb l&#8217;acord del consumidor.<\/li>\n<li>El subministrament de b\u00e9ns confeccionats conforme a les especificacions de consumidor o clarament personalitzats o que, per la seva naturalesa, no es puguin retornar o puguin deteriorar-se o caducar amb rapidesa.<\/li>\n<\/ul>\n<p>Com a tal, el dret de desistiment no s&#8217;aplicar\u00e0 als casos seg\u00fcents:<\/p>\n<ul>\n<li>Targeta regal que s&#8217;hagi utilitzat totalment o parcialment abans que s&#8217;acabi el temps per exercir el dret de desistiment.<\/li>\n<li>Targeta regal personalitzada.<\/li>\n<\/ul>\n<p>Sense perjudici del que s&#8217;ha mencionat anteriorment, podreu cancel\u00b7lar l&#8217;esdeveniment <em>el Katai<\/em> en el sup\u00f2sit seg\u00fcent:<\/p>\n<ul>\n<li>Si la cancel\u00b7laci\u00f3 es fa abans de les 48\u00a0hores de la data de l&#8217;esdeveniment, tindreu dret a sol\u00b7licitar la devoluci\u00f3 dels diners, que es far\u00e0 a trav\u00e9s del mateix m\u00e8tode de pagament amb qu\u00e8 es va fer la compra. Passades les 48\u00a0hores, no podreu sol\u00b7licitar el reembossament.<\/li>\n<\/ul>\n<p>&nbsp;<\/p>\n<h3>10. Modificacions<\/h3>\n<p>&nbsp;<\/p>\n<p>TUNATECA es reserva el dret a modificar l&#8217;oferta comercial presentada al web (modificacions sobre preus, promocions i altres condicions del servei) en qualsevol moment.<\/p>\n<p>&nbsp;<\/p>\n<h3>11. Propietat intel\u00b7lectual i industrial<\/h3>\n<p>&nbsp;<\/p>\n<p>El web i tots els seus continguts (entre els quals s&#8217;hi troben, a t\u00edtol enunciatiu i no limitatiu, les marques, logotips, textos, fotografies, icones, imatges, gr\u00e0fics, tecnologia, enlla\u00e7os, continguts audiovisuals o sonors, etc., aix\u00ed com el disseny gr\u00e0fic, codi font i altres elements de programari continguts en la present aplicaci\u00f3) s\u00f3n titularitat de TUNATECA, s&#8217;han llicenciat degudament a favor seu i estan subjectes a drets de propietat intel\u00b7lectual i industrial, protegits per la legislaci\u00f3 espanyola. Per aix\u00f2, si voleu fer actes d&#8217;explotaci\u00f3 del web o dels seus continguts (reproduir-los, transformar-los, comunicar-los, etc., m\u00e9s enll\u00e0 de les activitats autoritzades per la Llei de Propietat Intel\u00b7lectual) necessiteu obtenir pr\u00e8viament el nostre consentiment per escrit (trobareu les dades de contacte a la cap\u00e7alera d&#8217;aquest document), amb independ\u00e8ncia dels vostres fins. Aix\u00ed mateix, queda prohibit suprimir les dades identificatives de TUNATECA com a titular dels drets de propietat Intel\u00b7lectual i Industrial del web i els seus continguts respectius, aix\u00ed com fer fotos de la tecnologia, embrutar o perjudicar per altres mitjans la marca.<\/p>\n<p>El fet que no us sol\u00b7licitem que deixeu d&#8217;utilitzar il\u00b7l\u00edcitament o en contra de les presents condicions dels continguts no pot ser ent\u00e8s en cap cas com un consentiment o autoritzaci\u00f3 per a aquest \u00fas. Tampoc no constitueix una ren\u00fancia a l&#8217;exercici de les accions legals que puguin correspondre&#8217;ns.<\/p>\n<p>&nbsp;<\/p>\n<h3>12. Limitaci\u00f3 de responsabilitat<\/h3>\n<p>&nbsp;<\/p>\n<p>No serem responsables per cap incompliment o retard en el compliment d&#8217;alguna de les obligacions assumides quan aix\u00f2 es degui a esdeveniments que estan fora del nostre control raonable ( \u00abcausa de for\u00e7a major\u00bb).<\/p>\n<p>Les causes de for\u00e7a major inclouran qualsevol acte, esdeveniment, falta d&#8217;exercici, omissi\u00f3 o accident que estigui fora del nostre control raonable.<\/p>\n<p>L&#8217;usuari es compromet a utilitzar els serveis i continguts, en cas que hi accedeixi mitjan\u00e7ant el web corporatiu de TUNATECA, d&#8217;acord amb el que estableix la llei, la moral, l&#8217;ordre p\u00fablic i aquestes condicions. Aix\u00ed mateix, us comprometeu a fer un \u00fas adequat dels serveis i continguts de la p\u00e0gina i a no emprar-los per a activitats il\u00b7l\u00edcites o constitutives de delicte o que infringeixin la regulaci\u00f3 sobre propietat intel\u00b7lectual i industrial, o qualsevol altra forma d&#8217;ordenament jur\u00eddic aplicable.<\/p>\n<p>TUNATECA no garanteix la disponibilitat permanent dels serveis, i aix\u00ed queda exonerat per qualsevol tipus de responsabilitat per possibles danys i perjudicis causats per la manca de disponibilitat del servei per causes de for\u00e7a major o errors en les xarxes telem\u00e0tiques de transfer\u00e8ncia de dades, aliens a la seva voluntat.<\/p>\n<p>&nbsp;<\/p>\n<h3>13. Normativa aplicable i jurisdicci\u00f3<\/h3>\n<p>&nbsp;<\/p>\n<p>La utilitzaci\u00f3 del web i els contractes de compra de serveis a trav\u00e9s d&#8217;aquest web es regiran per la legislaci\u00f3 espanyola.<\/p>\n<p>Qualsevol controv\u00e8rsia que sorgeixi o tingui relaci\u00f3 amb la utilitzaci\u00f3 del nostre web o amb aquests contractes ser\u00e0 sotmesa a la jurisdicci\u00f3 no exclusiva dels jutjats i tribunals de Tortosa.La utilitzaci\u00f3 dels nostres serveis suposa l&#8217;acceptaci\u00f3 expressa de la jurisdicci\u00f3 de Tortosa.<\/p>\n<p>En estar contractant com a consumidor, res en la present cl\u00e0usula no afecta els drets que, com a tal, li reconeix la legislaci\u00f3 vigent.<\/p>\n<p>Data de la darrera actualitzaci\u00f3: mar\u00e7 del 2020.<\/p>\n","protected":false},"excerpt":{"rendered":"<p>1. Sobre TUNATECA 2. Com fer una reserva? 3. Com regalar una experi\u00e8ncia Tunateca (Regala Tunateca)? 4. El Kaitai 5. Requisits i conducta de l&#8217;usuari 6. Dades de car\u00e0cter personal 7. Condicions del xec de regal (Regala Tunateca) (Regala Tunateca) 8. Pagament 9. Dret de desistiment i cancel\u00b7lacions 10. Modificacions 11. Propietat intelectual i industrial &hellip; <a href=\"https:\/\/www.tunatecabalfego.com\/ca\/condicions-contractacio\/\">Continued<\/a><\/p>\n","protected":false},"author":1,"featured_media":0,"parent":0,"menu_order":0,"comment_status":"closed","ping_status":"closed","template":"views\/template-text.blade.php","meta":{"_acf_changed":false,"footnotes":""},"class_list":["post-833","page","type-page","status-publish","hentry"],"acf":[],"_links":{"self":[{"href":"https:\/\/www.tunatecabalfego.com\/ca\/wp-json\/wp\/v2\/pages\/833","targetHints":{"allow":["GET"]}}],"collection":[{"href":"https:\/\/www.tunatecabalfego.com\/ca\/wp-json\/wp\/v2\/pages"}],"about":[{"href":"https:\/\/www.tunatecabalfego.com\/ca\/wp-json\/wp\/v2\/types\/page"}],"author":[{"embeddable":true,"href":"https:\/\/www.tunatecabalfego.com\/ca\/wp-json\/wp\/v2\/users\/1"}],"replies":[{"embeddable":true,"href":"https:\/\/www.tunatecabalfego.com\/ca\/wp-json\/wp\/v2\/comments?post=833"}],"version-history":[{"count":10,"href":"https:\/\/www.tunatecabalfego.com\/ca\/wp-json\/wp\/v2\/pages\/833\/revisions"}],"predecessor-version":[{"id":22383,"href":"https:\/\/www.tunatecabalfego.com\/ca\/wp-json\/wp\/v2\/pages\/833\/revisions\/22383"}],"wp:attachment":[{"href":"https:\/\/www.tunatecabalfego.com\/ca\/wp-json\/wp\/v2\/media?parent=833"}],"curies":[{"name":"wp","href":"https:\/\/api.w.org\/{rel}","templated":true}]}}